{"id":109,"date":"2011-06-06T09:14:52","date_gmt":"2011-06-06T09:14:52","guid":{"rendered":"http:\/\/gtk.fotografdavid.se\/?page_id=109"},"modified":"2024-03-23T13:22:56","modified_gmt":"2024-03-23T13:22:56","slug":"sommarabonnemang-for-medlemmar","status":"publish","type":"page","link":"https:\/\/gtk.fotografdavid.se\/?page_id=109","title":{"rendered":"Sommarabonnemang f\u00f6r medlemmar"},"content":{"rendered":"<p>Sommarabonnemang kan endast bokas av klubbmedlemmar och g\u00e4ller hela den tid som banorna h\u00e5lls \u00f6ppna f\u00f6r s\u00e4songen, <em>f\u00f6rutom under helgerna i samband Grisslehamnsspelen v.30 och under de tider p\u00e5 vardagar som reserverats f\u00f6r Tennisskolan (se nedan) under v.26-29 och v.31-32.<\/em><\/p>\n<ul>\n<li>Helger 1200:- kr \/ s\u00e4song<\/li>\n<\/ul>\n<p>Bokning och betalning av sommarabonnemang g\u00f6rs via Match. Kontakta f\u00f6rst <em>Bengt Hamberg p\u00e5 e-post bengt.hamberg@mevera.se <\/em>f\u00f6r att komma \u00f6verens om en tid som passar er.<\/p>\n","protected":false},"excerpt":{"rendered":"<p>Sommarabonnemang kan endast bokas av klubbmedlemmar och g\u00e4ller hela den tid som banorna h\u00e5lls \u00f6ppna f\u00f6r s\u00e4songen, f\u00f6rutom under helgerna i samband Grisslehamnsspelen v.30 och under de tider p\u00e5 vardagar som reserverats f\u00f6r Tennisskolan (se nedan) under v.26-29 och v.31-32. &hellip; <a href=\"https:\/\/gtk.fotografdavid.se\/?page_id=109\">Forts\u00e4tt l\u00e4sa <span class=\"meta-nav\">&rarr;<\/span><\/a><\/p>\n","protected":false},"author":1,"featured_media":0,"parent":32,"menu_order":0,"comment_status":"closed","ping_status":"open","template":"","meta":[],"_links":{"self":[{"href":"https:\/\/gtk.fotografdavid.se\/index.php?rest_route=\/wp\/v2\/pages\/109"}],"collection":[{"href":"https:\/\/gtk.fotografdavid.se\/index.php?rest_route=\/wp\/v2\/pages"}],"about":[{"href":"https:\/\/gtk.fotografdavid.se\/index.php?rest_route=\/wp\/v2\/types\/page"}],"author":[{"embeddable":true,"href":"https:\/\/gtk.fotografdavid.se\/index.php?rest_route=\/wp\/v2\/users\/1"}],"replies":[{"embeddable":true,"href":"https:\/\/gtk.fotografdavid.se\/index.php?rest_route=%2Fwp%2Fv2%2Fcomments&post=109"}],"version-history":[{"count":11,"href":"https:\/\/gtk.fotografdavid.se\/index.php?rest_route=\/wp\/v2\/pages\/109\/revisions"}],"predecessor-version":[{"id":1636,"href":"https:\/\/gtk.fotografdavid.se\/index.php?rest_route=\/wp\/v2\/pages\/109\/revisions\/1636"}],"up":[{"embeddable":true,"href":"https:\/\/gtk.fotografdavid.se\/index.php?rest_route=\/wp\/v2\/pages\/32"}],"wp:attachment":[{"href":"https:\/\/gtk.fotografdavid.se\/index.php?rest_route=%2Fwp%2Fv2%2Fmedia&parent=109"}],"curies":[{"name":"wp","href":"https:\/\/api.w.org\/{rel}","templated":true}]}}