{"id":111,"date":"2011-06-06T09:16:52","date_gmt":"2011-06-06T09:16:52","guid":{"rendered":"http:\/\/gtk.fotografdavid.se\/?page_id=111"},"modified":"2024-03-22T08:11:12","modified_gmt":"2024-03-22T08:11:12","slug":"strotider-planhyra-per-timme","status":"publish","type":"page","link":"https:\/\/gtk.fotografdavid.se\/?page_id=111","title":{"rendered":"Boka bana"},"content":{"rendered":"<div><span style=\"font-size: small;\"><span style=\"line-height: 24px;\"><br \/>\n<\/span><\/span>Banorna kommer att vara bokningsbara fr\u00e5n kl 12 den 29 mars fram till 27 oktober, 2024 (kan komma att uppdateras beroende av v\u00e4dret)<\/p>\n<p>Tennis<br \/>\n&#8211; Medlem, per timme\u00a0 \u00a0 \u00a0 \u00a0 \u00a0 \u00a0 \u00a0 \u00a0 \u00a0 \u00a0 \u00a0 \u00a0 \u00a0 \u00a0 \u00a0 \u00a0 \u00a0 \u00a0 \u00a0 \u00a0 \u00a0 \u00a0 \u00a0 \u00a0 \u00a0 \u00a0 \u00a0 \u00a0 \u00a0 \u00a0 \u00a0 \u00a0 \u00a0 \u00a0 \u00a0 \u00a0 \u00a0 \u00a0 \u00a0 \u00a0 \u00a0 \u00a0 \u00a0 \u00a0 \u00a0 \u00a0 \u00a0\u00a0110:-<br \/>\n&#8211; Ej medlem, per timme \u00a0 \u00a0 \u00a0 \u00a0 \u00a0 \u00a0 \u00a0 \u00a0 \u00a0 \u00a0 \u00a0 \u00a0 \u00a0 \u00a0 \u00a0 \u00a0 \u00a0 \u00a0 \u00a0 \u00a0 \u00a0 \u00a0 \u00a0 \u00a0 \u00a0 \u00a0 \u00a0 \u00a0 \u00a0 \u00a0 \u00a0 \u00a0 \u00a0 \u00a0 \u00a0 \u00a0 \u00a0 \u00a0 \u00a0 \u00a0 \u00a0 \u00a0 \u00a0 \u00a0 160:- <strong><br \/>\n<\/strong><\/p>\n<p>Padel<br \/>\n&#8211; Medlem, per timme\u00a0 \u00a0 \u00a0 \u00a0 \u00a0 \u00a0 \u00a0 \u00a0 \u00a0 \u00a0 \u00a0 \u00a0 \u00a0 \u00a0 \u00a0 \u00a0 \u00a0 \u00a0 \u00a0 \u00a0 \u00a0 \u00a0 \u00a0 \u00a0 \u00a0 \u00a0 \u00a0 \u00a0 \u00a0 \u00a0 \u00a0 \u00a0 \u00a0 \u00a0 \u00a0 \u00a0 \u00a0 \u00a0 \u00a0 \u00a0 \u00a0 \u00a0 \u00a0 \u00a0 \u00a0 \u00a0 \u00a0 300:-<br \/>\n&#8211; Ej medlem, per timme\u00a0 \u00a0 \u00a0 \u00a0 \u00a0 \u00a0 \u00a0 \u00a0 \u00a0 \u00a0 \u00a0 \u00a0 \u00a0 \u00a0 \u00a0 \u00a0 \u00a0 \u00a0 \u00a0 \u00a0 \u00a0 \u00a0 \u00a0 \u00a0 \u00a0 \u00a0 \u00a0 \u00a0 \u00a0 \u00a0 \u00a0 \u00a0 \u00a0 \u00a0 \u00a0 \u00a0 \u00a0 \u00a0 \u00a0 \u00a0 \u00a0 \u00a0 \u00a0 \u00a0 \u00a0360:-<br \/>\nP\u00e5 padelbana 2 (vid fotbollsplanen) erbjuder vi \u00e4ven 90-min tider<br \/>\n&#8211; Medlem, per timme\u00a0 \u00a0 \u00a0 \u00a0 \u00a0 \u00a0 \u00a0 \u00a0 \u00a0 \u00a0 \u00a0 \u00a0 \u00a0 \u00a0 \u00a0 \u00a0 \u00a0 \u00a0 \u00a0 \u00a0 \u00a0 \u00a0 \u00a0 \u00a0 \u00a0 \u00a0 \u00a0 \u00a0 \u00a0 \u00a0 \u00a0 \u00a0 \u00a0 \u00a0 \u00a0 \u00a0 \u00a0 \u00a0 \u00a0 \u00a0 \u00a0 \u00a0 \u00a0 \u00a0 \u00a0 \u00a0 \u00a0 400:-<br \/>\n&#8211; Ej medlem, per timme\u00a0 \u00a0 \u00a0 \u00a0 \u00a0 \u00a0 \u00a0 \u00a0 \u00a0 \u00a0 \u00a0 \u00a0 \u00a0 \u00a0 \u00a0 \u00a0 \u00a0 \u00a0 \u00a0 \u00a0 \u00a0 \u00a0 \u00a0 \u00a0 \u00a0 \u00a0 \u00a0 \u00a0 \u00a0 \u00a0 \u00a0 \u00a0 \u00a0 \u00a0 \u00a0 \u00a0 \u00a0 \u00a0 \u00a0 \u00a0 \u00a0 \u00a0 \u00a0 \u00a0 \u00a0500:-<\/p>\n<p>Speltider <strong>bokas via webben\/Smartphone p\u00e5\u00a0<a title=\"www.matchi.se\" href=\"https:\/\/www.matchi.se\/facilities\/grisslehamnstk\">www.matchi.se<\/a><\/strong>. Vid f\u00f6rsta bokningstillf\u00e4llet\u00a0beh\u00f6ver man registrera sig, sen \u00e4r det enkelt b\u00e5de att boka\/avboka bana.<\/p>\n<\/div>\n<p>Kod till kodl\u00e5s p\u00e5 tennis- och Padelbanorna erh\u00e5lls vid bokning av bana.<\/p>\n<div>\n<p>Kan Du inte utnyttja bokad tid &#8211; boka av banan i www.matchi.se s\u00e5 andra kan nyttja tiden. Det kostar 12,50 kr i avbokningsavgift, men du m\u00e5ste avboka senast 6 timmar f\u00f6re bokad tid. L\u00e5s alltid bangrinden efter spel, och l\u00e4mna banan i samma skick som n\u00e4r du kom!<\/p>\n<\/div>\n","protected":false},"excerpt":{"rendered":"<p>Banorna kommer att vara bokningsbara fr\u00e5n kl 12 den 29 mars fram till 27 oktober, 2024 (kan komma att uppdateras beroende av v\u00e4dret) Tennis &#8211; Medlem, per timme\u00a0 \u00a0 \u00a0 \u00a0 \u00a0 \u00a0 \u00a0 \u00a0 \u00a0 \u00a0 \u00a0 \u00a0 \u00a0 &hellip; <a href=\"https:\/\/gtk.fotografdavid.se\/?page_id=111\">Forts\u00e4tt l\u00e4sa <span class=\"meta-nav\">&rarr;<\/span><\/a><\/p>\n","protected":false},"author":1,"featured_media":0,"parent":32,"menu_order":0,"comment_status":"closed","ping_status":"open","template":"","meta":[],"_links":{"self":[{"href":"https:\/\/gtk.fotografdavid.se\/index.php?rest_route=\/wp\/v2\/pages\/111"}],"collection":[{"href":"https:\/\/gtk.fotografdavid.se\/index.php?rest_route=\/wp\/v2\/pages"}],"about":[{"href":"https:\/\/gtk.fotografdavid.se\/index.php?rest_route=\/wp\/v2\/types\/page"}],"author":[{"embeddable":true,"href":"https:\/\/gtk.fotografdavid.se\/index.php?rest_route=\/wp\/v2\/users\/1"}],"replies":[{"embeddable":true,"href":"https:\/\/gtk.fotografdavid.se\/index.php?rest_route=%2Fwp%2Fv2%2Fcomments&post=111"}],"version-history":[{"count":20,"href":"https:\/\/gtk.fotografdavid.se\/index.php?rest_route=\/wp\/v2\/pages\/111\/revisions"}],"predecessor-version":[{"id":1623,"href":"https:\/\/gtk.fotografdavid.se\/index.php?rest_route=\/wp\/v2\/pages\/111\/revisions\/1623"}],"up":[{"embeddable":true,"href":"https:\/\/gtk.fotografdavid.se\/index.php?rest_route=\/wp\/v2\/pages\/32"}],"wp:attachment":[{"href":"https:\/\/gtk.fotografdavid.se\/index.php?rest_route=%2Fwp%2Fv2%2Fmedia&parent=111"}],"curies":[{"name":"wp","href":"https:\/\/api.w.org\/{rel}","templated":true}]}}