{"id":124,"date":"2011-06-06T09:23:05","date_gmt":"2011-06-06T09:23:05","guid":{"rendered":"http:\/\/gtk.fotografdavid.se\/?page_id=124"},"modified":"2024-03-11T19:52:14","modified_gmt":"2024-03-11T19:52:14","slug":"kontakt","status":"publish","type":"page","link":"https:\/\/gtk.fotografdavid.se\/?page_id=124","title":{"rendered":"Kontakt"},"content":{"rendered":"<p><strong>Grisslehamns Tennisklubb<\/strong><\/p>\n<p><strong>e-postadress:<br \/><\/strong>GTKTennis@outlook.com<\/p>\n<p><strong>Postadress:<\/strong><br \/>Grisslehamns TK<br \/>c\/o Malin Marken<br \/>Tomtebogatan 20<br \/>113 38 Stockholm<\/p>\n<p><strong>Medlemsregistrering och -avgifter: www.matchi.se<br \/><\/strong>(s\u00f6k p\u00e5 Grisslehamns TK), g\u00e5 in under &#8221;Registrera dig&#8221;.<\/p>\n<p><strong>Bankgiro: 5190-9414<\/strong><\/p>\n<p><strong>Swish: 1231625383<\/strong><\/p>\n<table style=\"height: 406px;\" width=\"638\">\n<tbody>\n<tr>\n<td>Camilla Eml\u00e9, ordf\u00f6rande<\/td>\n<td>camillaemle@gmail.com<br \/>070-5951705<\/td>\n<\/tr>\n<tr>\n<td>Cecilia Rune Ahnve, sekreterare<\/td>\n<td>cecilia@ahnve.se<br \/>070-958 93 95<\/td>\n<\/tr>\n<tr>\n<td>Malin Marken, kass\u00f6r<\/td>\n<td>malinmarken70@gmail.com<br \/>070-959 89 97<\/td>\n<\/tr>\n<tr>\n<td>Ulf Wilhelmsson, Aktivitetsansvarig<\/td>\n<td>ulf.wilhelmsson@gmail.com<br \/>070-927 50 70<\/td>\n<\/tr>\n<tr>\n<td>Anders Svanberg, Marknadsansvarig<\/td>\n<td>anders.svanberg@awardit.com<br \/>0709-383 898<\/td>\n<\/tr>\n<tr>\n<td>Bengt Hamberg, Partner &amp; Sponsoransvarig, samt abonnemang<\/td>\n<td>bengt.hamberg@mevera.se<br \/>070-555 12 42<\/td>\n<\/tr>\n<tr>\n<td>Jonas Bergrahm, Medlems- och Matchi ansvarig<\/td>\n<td><a href=\"mailto:jonas.bergrahm@live.com\">jonas.bergrahm@live.com<\/a><br \/>073-408 27 17<\/td>\n<\/tr>\n<tr>\n<td>\n<p>Markus Fisher, Anl\u00e4ggningsansvarig<\/p>\n<p>Petter Nylander, Festansvarig<\/p>\n<\/td>\n<td>\n<p><a href=\"mailto:tom.freiman@telia.com\">markus.fisher@vattenfall.com<br \/>070-377 96 44<br \/><br \/>petter.nylander@gmail.com<\/a><br \/>076-525 95 55<\/p>\n<\/td>\n<\/tr>\n<tr>\n<td>Magnus Rune,<br \/>hedersordf\u00f6rande<\/td>\n<td>0175-303 02<br \/>curtmagnusrune@gmail.com<\/td>\n<\/tr>\n<tr>\n<td>Magnus Johansson, tennisskolan<\/td>\n<td>0702-94 59 59<\/td>\n<\/tr>\n<\/tbody>\n<\/table>\n\n\n<p><\/p>\n","protected":false},"excerpt":{"rendered":"<p>Grisslehamns Tennisklubb e-postadress:GTKTennis@outlook.com Postadress:Grisslehamns TKc\/o Malin MarkenTomtebogatan 20113 38 Stockholm Medlemsregistrering och -avgifter: www.matchi.se(s\u00f6k p\u00e5 Grisslehamns TK), g\u00e5 in under &#8221;Registrera dig&#8221;. Bankgiro: 5190-9414 Swish: 1231625383 Camilla Eml\u00e9, ordf\u00f6rande camillaemle@gmail.com070-5951705 Cecilia Rune Ahnve, sekreterare cecilia@ahnve.se070-958 93 95 Malin Marken, kass\u00f6r &hellip; <a href=\"https:\/\/gtk.fotografdavid.se\/?page_id=124\">Forts\u00e4tt l\u00e4sa <span class=\"meta-nav\">&rarr;<\/span><\/a><\/p>\n","protected":false},"author":1,"featured_media":0,"parent":0,"menu_order":1000,"comment_status":"closed","ping_status":"open","template":"","meta":[],"_links":{"self":[{"href":"https:\/\/gtk.fotografdavid.se\/index.php?rest_route=\/wp\/v2\/pages\/124"}],"collection":[{"href":"https:\/\/gtk.fotografdavid.se\/index.php?rest_route=\/wp\/v2\/pages"}],"about":[{"href":"https:\/\/gtk.fotografdavid.se\/index.php?rest_route=\/wp\/v2\/types\/page"}],"author":[{"embeddable":true,"href":"https:\/\/gtk.fotografdavid.se\/index.php?rest_route=\/wp\/v2\/users\/1"}],"replies":[{"embeddable":true,"href":"https:\/\/gtk.fotografdavid.se\/index.php?rest_route=%2Fwp%2Fv2%2Fcomments&post=124"}],"version-history":[{"count":34,"href":"https:\/\/gtk.fotografdavid.se\/index.php?rest_route=\/wp\/v2\/pages\/124\/revisions"}],"predecessor-version":[{"id":1607,"href":"https:\/\/gtk.fotografdavid.se\/index.php?rest_route=\/wp\/v2\/pages\/124\/revisions\/1607"}],"wp:attachment":[{"href":"https:\/\/gtk.fotografdavid.se\/index.php?rest_route=%2Fwp%2Fv2%2Fmedia&parent=124"}],"curies":[{"name":"wp","href":"https:\/\/api.w.org\/{rel}","templated":true}]}}