{"id":1294,"date":"2020-06-22T23:18:00","date_gmt":"2020-06-22T23:18:00","guid":{"rendered":"http:\/\/gtk.fotografdavid.se\/?page_id=1294"},"modified":"2024-03-23T12:18:02","modified_gmt":"2024-03-23T12:18:02","slug":"grisslehamnsspelen-padel","status":"publish","type":"page","link":"https:\/\/gtk.fotografdavid.se\/?page_id=1294","title":{"rendered":"Grisslehamnsspelen Padel"},"content":{"rendered":"<p><em>Grisslehamnsspelen Padel 2024 kommer att arrangeras under <strong>vecka 29<\/strong>. L\u00e4gg in detta i din kalender redan nu och h\u00e5ll utkik efter inbjudan och mer information. Vi r\u00e4knar att \u00f6ppna f\u00f6r anm\u00e4lan den <strong>5 maj<\/strong>, 2024.<\/p>\n<p><\/em><strong>Kontaktuppgifter<br \/>\n<\/strong>Om du har n\u00e5gra fr\u00e5gor eller funderingar g\u00e4llande Grisslehamnsspelen Padel 2024 s\u00e5 kontakta Aktivitetsansvarig Ulf Wilhelmsson p\u00e5 ulf.wilhelmsson@gmail.com, eller t\u00e4vlingsledningen Jonas Bergrahm <a href=\"mailto:jonas.bergrahm@live.com\">jonas.bergrahm@live.com<\/a> (0734-082717) eller Camilla Eml\u00e9 <a href=\"mailto:camillaemle@gmail.com\">camillaemle@gmail.com<\/a> (0705-951705)<\/p>\n<p>V\u00e4lkomna att vara med i turneringen 2024!<br \/>\nStyrelsen Grisslehamns Tennisklubb &amp; Padel<\/p>\n","protected":false},"excerpt":{"rendered":"<p>Grisslehamnsspelen Padel 2024 kommer att arrangeras under vecka 29. L\u00e4gg in detta i din kalender redan nu och h\u00e5ll utkik efter inbjudan och mer information. Vi r\u00e4knar att \u00f6ppna f\u00f6r anm\u00e4lan den 5 maj, 2024. Kontaktuppgifter Om du har n\u00e5gra &hellip; <a href=\"https:\/\/gtk.fotografdavid.se\/?page_id=1294\">Forts\u00e4tt l\u00e4sa <span class=\"meta-nav\">&rarr;<\/span><\/a><\/p>\n","protected":false},"author":2,"featured_media":0,"parent":1305,"menu_order":0,"comment_status":"closed","ping_status":"closed","template":"","meta":[],"_links":{"self":[{"href":"https:\/\/gtk.fotografdavid.se\/index.php?rest_route=\/wp\/v2\/pages\/1294"}],"collection":[{"href":"https:\/\/gtk.fotografdavid.se\/index.php?rest_route=\/wp\/v2\/pages"}],"about":[{"href":"https:\/\/gtk.fotografdavid.se\/index.php?rest_route=\/wp\/v2\/types\/page"}],"author":[{"embeddable":true,"href":"https:\/\/gtk.fotografdavid.se\/index.php?rest_route=\/wp\/v2\/users\/2"}],"replies":[{"embeddable":true,"href":"https:\/\/gtk.fotografdavid.se\/index.php?rest_route=%2Fwp%2Fv2%2Fcomments&post=1294"}],"version-history":[{"count":30,"href":"https:\/\/gtk.fotografdavid.se\/index.php?rest_route=\/wp\/v2\/pages\/1294\/revisions"}],"predecessor-version":[{"id":1632,"href":"https:\/\/gtk.fotografdavid.se\/index.php?rest_route=\/wp\/v2\/pages\/1294\/revisions\/1632"}],"up":[{"embeddable":true,"href":"https:\/\/gtk.fotografdavid.se\/index.php?rest_route=\/wp\/v2\/pages\/1305"}],"wp:attachment":[{"href":"https:\/\/gtk.fotografdavid.se\/index.php?rest_route=%2Fwp%2Fv2%2Fmedia&parent=1294"}],"curies":[{"name":"wp","href":"https:\/\/api.w.org\/{rel}","templated":true}]}}