{"id":24,"date":"2011-02-23T18:42:18","date_gmt":"2011-02-23T18:42:18","guid":{"rendered":"http:\/\/gtk.fotografdavid.se\/?page_id=24"},"modified":"2019-08-13T08:35:38","modified_gmt":"2019-08-13T08:35:38","slug":"gtks-historia","status":"publish","type":"page","link":"https:\/\/gtk.fotografdavid.se\/?page_id=24","title":{"rendered":"GTKs historia"},"content":{"rendered":"<p><a href=\"http:\/\/gtk.fotografdavid.se\/wp-content\/uploads\/2011\/02\/Scan10002.jpg\"><img decoding=\"async\" loading=\"lazy\" class=\"alignright size-medium wp-image-27\" title=\"Scan10002\" src=\"http:\/\/gtk.fotografdavid.se\/wp-content\/uploads\/2011\/02\/Scan10002-300x168.jpg\" alt=\"\" width=\"300\" height=\"168\" srcset=\"https:\/\/gtk.fotografdavid.se\/wp-content\/uploads\/2011\/02\/Scan10002-300x168.jpg 300w, https:\/\/gtk.fotografdavid.se\/wp-content\/uploads\/2011\/02\/Scan10002.jpg 640w\" sizes=\"(max-width: 300px) 100vw, 300px\" \/><\/a><\/p>\n<p>Bilden ( fr\u00e5n -80talet) visar: Fyra pionj\u00e4rer inom Grisslehamns Tennisklubb, Fr v Erik L\u00f6fgren, Magnus Rune, Lasse Rundqvist och Nisse \u00d6sterman.<\/p>\n<p><strong>Fr\u00e5n GTKs historia<\/strong><\/p>\n<p>Den 13 november 1970 ingick Magnus Rune fr\u00e5n GTKs nybildade interimsstyrelse ett avtal med Hotell\u00a0Havsbadens d\u00e5varande \u00e4gare May Wahlberg. Den mark d\u00e4r bana 1 ligger arrenderades p\u00e5 50 \u00e5r utan ers\u00e4ttning.<\/p>\n<p>Den 9 maj 1971 bildades Grisslehamns Tennisklubb hemma hos Curt Hellqvist, som ocks\u00e5 blev klubbens f\u00f6rste sekreterare. Magnus Rune valdes till ordf\u00f6rande, Tage Rossander vice ordf\u00f6rande och Ulrik Holm kass\u00f6r. 1973 \u00f6vertog Erik L\u00f6fgren sekreterarsysslan\u00a0f\u00f6r att efter Ulrik Holms avg\u00e5ng 1977 bli kass\u00f6r och ta p\u00e5 sig huvudansvaret f\u00f6r GTKs ekonomi och har det till 1991.. \u00c5r 1977 blir Lasse Rundqvist sekreterare och kvarst\u00e5r p\u00e5 den posten till \u00e5r 2000.<\/p>\n<p><strong>Om bana 1.<\/strong><\/p>\n<ul>\n<li>1970-71 st\u00e4llde 26 medlemmar upp med 1000kr var i l\u00e5n f\u00f6r att bygga en tennisbana.<\/li>\n<li>H\u00e4r ingick, f\u00f6rutom styrelsemedlemmarna , Hans Erfelt, Hans G\u00f6ran Frank, Arthur Hermele, G\u00f6sta Jansson, Erik L\u00f6fgren, S-E Naucl\u00e9r, Lasse Rundqvist , Sven G Svensson,\u00a0Lars Thor\u00e9n, Nils \u00d6sterman m.fl.<\/li>\n<li>Norrt\u00e4lje kommun satsade 2500kr i tennisbanan.<\/li>\n<li>Frivilligt arbete gjorde att byggkostnaden inte \u00f6versteg 40000kr.<\/li>\n<li>1 juli 1971 var bana 1, en asfaltbana klar f\u00f6r spel.<\/li>\n<li>Hans Olsson fr\u00e5n Upplands TF och STF fanns med p\u00e5 invigningsdagen och instruerade tennis\u00a0b\u00e5de f\u00f6r noviser och rutinerade.<\/li>\n<li>1979 bel\u00e4ggs bana 1 med plexipave och 1986\u00a0f\u00f6rses bana 1 med ny underasfalt och nytt ytlager av plexipave. 1986 byggde Erik L\u00f6fgren \u00e5sk\u00e5darl\u00e4ktaren vid bana 1 2007 l\u00e4ggs ny plexipave p\u00e5 bana 1.<\/li>\n<\/ul>\n<p><strong>Om bana 2<\/strong><\/p>\n<ul>\n<li style=\"list-style-type: none;\">\n<ul>\n<li>I januari 1975 f\u00e5r GTK m\u00f6jligheten att av Havsbaden k\u00f6pa 2349kvm av fastgheten d\u00e4r bana 1 ligger. Detta ger m\u00f6jlighet till bygget av bana 2, som blir klar i juni 1975 och asfalten m\u00e5las vackert r\u00f6d och gr\u00f6n 1976. Ekonomin: Fr\u00e5n Norrt\u00e4lje kommun 5000kr,<\/li>\n<li>Naturv\u00e5rdsverket 17500kr, AB Magnus Idar 15000kr samt fyllnadsmassor, dr\u00e4neringsr\u00f6r mycket f\u00f6rm\u00e5nligt. G\u00f6sta Jansson hj\u00e4lper till med gr\u00e4vskopa och Mats Holmstr\u00f6m med traktor och lastvagn. Med mycket ideellt arbete stannar kostnaden f\u00f6r bana 2 p\u00e5 knappt\u00a060000kr. Ett l\u00e5n togs i G\u00f6tabanken och det slutamorterades 1978.<\/li>\n<li>I b\u00f6rjan av 90-talet startade , under Nisse \u00d6stermans och Lasse Rundqvists ledning en omfattande renovering av hela tennisanl\u00e4ggninge. Norrt\u00e4lje Kommun st\u00e4ller ALU-arbetare till f\u00f6rfogande och 20000kr erh\u00e5lls fr\u00e5n allm\u00e4nna arvsfonden. P\u00e5 bana 2 blir det plexipaveyta, nya n\u00e4tstolpar, bollplank. F\u00f6rst\u00e4rkning av st\u00e4ngslet runt banorna och tr\u00e4d-gallring. 2003\u00a0f\u00f6rses bana 2 med ny plexipave-yta<\/li>\n<li>2013 ny plexipave-yta och ny l\u00e4ktare \u00f6ver diket ,som gr\u00e4nsar mot Ecker\u00f6-Linjens nya parkeringsplats.<\/li>\n<\/ul>\n<\/li>\n<\/ul>\n<p>2017 gallrades tr\u00e4den vid diket och en g\u00e5ngstig fram till nya l\u00e4ktaren f\u00e4rdigst\u00e4lldes.<\/p>\n<p><strong>Om padelbanan<br \/>\n<\/strong><br \/>\n\u2022 H\u00f6g bel\u00e4ggning p\u00e5 tennisbanorna under somrarna gjorde att id\u00e9n att komplettera klubbens verksamhet med en padelbana f\u00f6ddes. Klubbens tomt str\u00e4cker sig ett tiotal meter bortanf\u00f6r bana 2 vilket var tillr\u00e4ckligt f\u00f6r att precis f\u00e5 plats med en padelbana.<br \/>\n\u2022 \u00c5r 2018 var bygglovet klart och efter en tid av intensiv planering under vintern\/v\u00e5ren 2019 stod padelbanan klar f\u00f6r spel i juni samma \u00e5r. Banan blev snabbt popul\u00e4r och var i det n\u00e4rmaste fullbokad hela sommaren.<br \/>\n\u2022 Projektledare f\u00f6r padelbanan var Jonas Hilding Lindgren. Kass\u00f6ren Malin Marken, ordf\u00f6rande Markus Fischer och Allan Rundquist ingick likas\u00e5 i padelprojektet.<br \/>\n\u2022 Ekonomin: Banan kostade omkring 1 miljon kr att bygga d\u00e4r spr\u00e4ngnings-, schaktnings- och markberedningsarbeten utgjorde en stor del. Kostnaden t\u00e4cktes till stor del av medlemsl\u00e5n som uppgick till n\u00e4stan 700 tkr som kommer att \u00e5terbetalas i takt med att klubbens ekonomi medger.<\/p>\n<p><strong>Om klubbhuset<\/strong><\/p>\n<ul>\n<li>Sist, men inte minst byggs ett klubbhus i samarbete med Sk\u00e4rg\u00e5rdshus och Lennart Andersson. 1994 \u00e4r huset klart.<\/li>\n<li>Avtal ing\u00e5s 2003 med Ecker\u00f6linjen, som iordningst\u00e4ller parkeringsplatser f\u00f6r klubben i anslutning till klubbhuset.<\/li>\n<li>2005 anslutes klubbhuset till kommunalt va\/avlopp och toalett \/ duschrum f\u00e4rdigst\u00e4lls. \u00c4ven klubbhusf\u00f6rr\u00e5det renoveras. Arbete med v\u00e5tutrymme och f\u00f6rr\u00e5d g\u00f6res efter f\u00f6rslag och ritningar av Cecilia Rune Ahnve.<\/li>\n<li>2015 installeras ny k\u00f6ksdel med kylsk\u00e5p, spis, fl\u00e4kt m.m . fr\u00e5n IKEA med hj\u00e4lp av ritningar och beskrivning fr\u00e5n Cecilia Rune Ahnve . Vattenm\u00e4taren flyttas ut till f\u00f6r\u00e5det. Tom Freiman\u00a0 basade f\u00f6r\u00a0 ombyggnaden.<\/li>\n<\/ul>\n<p><strong>T\u00e4vling och Tennisskola<\/strong><\/p>\n<p>T\u00e4vlingsledare f\u00f6r Grisslehamnspelen i tennis har sedan 1976 varit Ulla Bergrahm och Magnus Rune. 2015 blir det 40:e t\u00e4vlings\u00e5ret i rad.<\/p>\n<p>1972 startade Magnus Rune\u00a0GTKs tennisskola. Gruppundervisning skedde under hans ledning tv\u00e5 sommarveckor. fram tom \u00e5r 1993<\/p>\n<p>1994 engagerades Magnus Johansson, professionell tr\u00e4nare fr\u00e5n Uppsala, att h\u00e5lla i GTKs tennisutbildning. Magnus och hans hj\u00e4lptr\u00e4nare har betytt mycket f\u00f6r ett stort tennisintresse i Grisslehamn.<\/p>\n<p>2019 firade Magnus Johansson 25-\u00e5rsjubileum som huvudtr\u00e4nare f\u00f6r tennisskolan.<\/p>\n<p>2019 arrangerades f\u00f6r f\u00f6rsta g\u00e5ngen \u00e4ven en padelskola samt tr\u00e4ningskv\u00e4llar p\u00e5 padelbanan f\u00f6r olika spelarkategorier.<\/p>\n<p><strong>Historia, senare \u00e5r<\/strong><\/p>\n<p>Erik L\u00f6fgren avled 1992 och GTK saknar honom och hans helhj\u00e4rtade insatserp\u00e5 m\u00e5nga plan f\u00f6r klubben.<\/p>\n<p>1996 f\u00e4rdigst\u00e4llde Magnus Rune med hj\u00e4lp av Cacka Israelsson historiken: Historiens Vingslag- 25 \u00e5r med Grisslehams Tennisklubb.<\/p>\n<p>\/ N\u00e5gra exemplar finns fortfarande kvar f\u00f6r intresserade! \/<\/p>\n<p>2001 avlider\u00a0GTKs m\u00e5ng\u00e5rige sekretarare Lasse Rundqvist och sonen Ulf R. \u00f6vertar sekreterarsysslan. 23 augusti g\u00e5r Nisse \u00d6sterman ur tiden . ICAhandlaren Nisse var f\u00f6r GTK en verklig st\u00f6ttepelare och organisat\u00f6r genom alla \u00e5r!\u00a02007 avg\u00e5r Hans Fries ur styrelsen efter 14 \u00e5r p\u00e5 kass\u00f6rs-posten. Som tack f\u00f6r sina insatser \u00e4r han nu klubbens tredje hedersledamot efter Lasse Rundqvist och Nisse \u00d6sterman.<\/p>\n<p style=\"text-align: justify;\"><strong>2011 <\/strong>gav klubben ut jubileums-skriften<strong> Grisslehamns TK\u00a0 40 \u00e5r<\/strong>.<\/p>\n<p style=\"text-align: justify;\">\u00a0\u00a0\u00a0\u00a0\u00a0\u00a0\u00a0\u00a0\u00a0\u00a0 \u00d6nskas n\u00e5got exemplar\u2014kontakta\u00a0 styrelsen.<\/p>\n<p><strong style=\"text-align: justify;\">2013<\/strong>\u00a0 Gick klubbens fd styrelsemedlem Karl-Erik &#8221;Cacka&#8221; Israelsson ur tiden.<\/p>\n<p style=\"text-align: justify;\">\u00a0\u00a0\u00a0\u00a0\u00a0\u00a0\u00a0\u00a0\u00a0\u00a0\u00a0\u00a0\u00a0 40\u00e5rs-skriftens framsida \u00e4r &#8221;Cackas&#8221; verk: En speciell Grisslehamnsvy!<\/p>\n<p><strong>2017<\/strong> avgick Magnus Rune efter 46\u00e5r som GTKs ordf\u00f6rande och eftertr\u00e4ddes av Markus Fischer.<br \/>\nMagnus Rune \u00e4r vald till klubbens hedersordf\u00f6rande<\/p>\n<p>&nbsp;<\/p>\n","protected":false},"excerpt":{"rendered":"<p>Bilden ( fr\u00e5n -80talet) visar: Fyra pionj\u00e4rer inom Grisslehamns Tennisklubb, Fr v Erik L\u00f6fgren, Magnus Rune, Lasse Rundqvist och Nisse \u00d6sterman. Fr\u00e5n GTKs historia Den 13 november 1970 ingick Magnus Rune fr\u00e5n GTKs nybildade interimsstyrelse ett avtal med Hotell\u00a0Havsbadens d\u00e5varande &hellip; <a href=\"https:\/\/gtk.fotografdavid.se\/?page_id=24\">Forts\u00e4tt l\u00e4sa <span class=\"meta-nav\">&rarr;<\/span><\/a><\/p>\n","protected":false},"author":1,"featured_media":0,"parent":0,"menu_order":0,"comment_status":"closed","ping_status":"open","template":"","meta":[],"_links":{"self":[{"href":"https:\/\/gtk.fotografdavid.se\/index.php?rest_route=\/wp\/v2\/pages\/24"}],"collection":[{"href":"https:\/\/gtk.fotografdavid.se\/index.php?rest_route=\/wp\/v2\/pages"}],"about":[{"href":"https:\/\/gtk.fotografdavid.se\/index.php?rest_route=\/wp\/v2\/types\/page"}],"author":[{"embeddable":true,"href":"https:\/\/gtk.fotografdavid.se\/index.php?rest_route=\/wp\/v2\/users\/1"}],"replies":[{"embeddable":true,"href":"https:\/\/gtk.fotografdavid.se\/index.php?rest_route=%2Fwp%2Fv2%2Fcomments&post=24"}],"version-history":[{"count":16,"href":"https:\/\/gtk.fotografdavid.se\/index.php?rest_route=\/wp\/v2\/pages\/24\/revisions"}],"predecessor-version":[{"id":1237,"href":"https:\/\/gtk.fotografdavid.se\/index.php?rest_route=\/wp\/v2\/pages\/24\/revisions\/1237"}],"wp:attachment":[{"href":"https:\/\/gtk.fotografdavid.se\/index.php?rest_route=%2Fwp%2Fv2%2Fmedia&parent=24"}],"curies":[{"name":"wp","href":"https:\/\/api.w.org\/{rel}","templated":true}]}}