{"id":32,"date":"2011-02-23T18:48:50","date_gmt":"2011-02-23T18:48:50","guid":{"rendered":"http:\/\/gtk.fotografdavid.se\/?page_id=32"},"modified":"2024-03-16T15:48:42","modified_gmt":"2024-03-16T15:48:42","slug":"boka-bana","status":"publish","type":"page","link":"https:\/\/gtk.fotografdavid.se\/?page_id=32","title":{"rendered":"Boka bana"},"content":{"rendered":"<p>Banbokning sker via Internet <a href=\"https:\/\/www.matchi.se\/facilities\/grisslehamnstk\" target=\"_blank\" rel=\"noopener\">MATCHi<\/a><\/p>\n<p>I bokningssystemet Matchi\u00a0ser man vilka tider som \u00e4r lediga och kan enkelt boka och betala i systemet. Ett personligt konto skapas f\u00f6rsta g\u00e5ngen man bokar. Vid bokning f\u00e5s automatiskt en fyrsiffrig kod som passar i kodl\u00e5sen vid banorna. V\u00e4nligen l\u00e5s banan efter spel!<\/p>\n<p><strong>Banhyra<\/strong><br \/>\nMedlem 110 kronor<br \/>\nIcke medlem 160 kronor<\/p>\n<p><strong>I h\u00e4ndelse av regn<br \/>\n<\/strong>Om du inte kan utnyttja din bokade tid p.g.a. regn, s\u00e5 kan du maila till\u00a0<a href=\"mailto:GTKTennis@outlook.com?subject=Outnyttjad tid pga regn\">GTKTennis@outlook.com<\/a>\u00a0s\u00e5 kommer ni f\u00e5 en m\u00f6jlighet till en ers\u00e4ttningstid i form av ett klipp p\u00e5 ett klippkort som \u00e4r giltigt i ett \u00e5r.<br \/>\n<em>OBS! Var noga med att tala om din MATCHi identitet s\u00e5 att vi kan identifiera dig om du skickar mailet fr\u00e5n en f\u00f6r oss ok\u00e4nd e-postadress<\/em><\/p>\n<p><a href=\"http:\/\/gtk.fotografdavid.se\/wp-content\/uploads\/2011\/02\/GTK1.jpg\"><img decoding=\"async\" loading=\"lazy\" class=\"alignnone size-medium wp-image-56\" src=\"http:\/\/gtk.fotografdavid.se\/wp-content\/uploads\/2011\/02\/GTK1-300x187.jpg\" alt=\"\" width=\"300\" height=\"187\" srcset=\"https:\/\/gtk.fotografdavid.se\/wp-content\/uploads\/2011\/02\/GTK1-300x187.jpg 300w, https:\/\/gtk.fotografdavid.se\/wp-content\/uploads\/2011\/02\/GTK1-1024x639.jpg 1024w, https:\/\/gtk.fotografdavid.se\/wp-content\/uploads\/2011\/02\/GTK1.jpg 1096w\" sizes=\"(max-width: 300px) 100vw, 300px\" \/><\/a><\/p>\n","protected":false},"excerpt":{"rendered":"<p>Banbokning sker via Internet MATCHi I bokningssystemet Matchi\u00a0ser man vilka tider som \u00e4r lediga och kan enkelt boka och betala i systemet. Ett personligt konto skapas f\u00f6rsta g\u00e5ngen man bokar. Vid bokning f\u00e5s automatiskt en fyrsiffrig kod som passar i &hellip; <a href=\"https:\/\/gtk.fotografdavid.se\/?page_id=32\">Forts\u00e4tt l\u00e4sa <span class=\"meta-nav\">&rarr;<\/span><\/a><\/p>\n","protected":false},"author":2,"featured_media":0,"parent":0,"menu_order":0,"comment_status":"closed","ping_status":"closed","template":"","meta":[],"_links":{"self":[{"href":"https:\/\/gtk.fotografdavid.se\/index.php?rest_route=\/wp\/v2\/pages\/32"}],"collection":[{"href":"https:\/\/gtk.fotografdavid.se\/index.php?rest_route=\/wp\/v2\/pages"}],"about":[{"href":"https:\/\/gtk.fotografdavid.se\/index.php?rest_route=\/wp\/v2\/types\/page"}],"author":[{"embeddable":true,"href":"https:\/\/gtk.fotografdavid.se\/index.php?rest_route=\/wp\/v2\/users\/2"}],"replies":[{"embeddable":true,"href":"https:\/\/gtk.fotografdavid.se\/index.php?rest_route=%2Fwp%2Fv2%2Fcomments&post=32"}],"version-history":[{"count":22,"href":"https:\/\/gtk.fotografdavid.se\/index.php?rest_route=\/wp\/v2\/pages\/32\/revisions"}],"predecessor-version":[{"id":1619,"href":"https:\/\/gtk.fotografdavid.se\/index.php?rest_route=\/wp\/v2\/pages\/32\/revisions\/1619"}],"wp:attachment":[{"href":"https:\/\/gtk.fotografdavid.se\/index.php?rest_route=%2Fwp%2Fv2%2Fmedia&parent=32"}],"curies":[{"name":"wp","href":"https:\/\/api.w.org\/{rel}","templated":true}]}}