{"id":358,"date":"2013-05-20T07:39:03","date_gmt":"2013-05-20T07:39:03","guid":{"rendered":"http:\/\/gtk.fotografdavid.se\/?page_id=358"},"modified":"2024-03-11T19:33:31","modified_gmt":"2024-03-11T19:33:31","slug":"medlemsavgifter-2","status":"publish","type":"page","link":"https:\/\/gtk.fotografdavid.se\/?page_id=358","title":{"rendered":"Medlemsavgifter"},"content":{"rendered":"<p>Senior\u00a0 \u00a0 \u00a0 \u00a0 \u00a0 \u00a0 \u00a0 \u00a0 \u00a0 \u00a0 \u00a0 \u00a0 \u00a0 \u00a0 \u00a0 \u00a0 \u00a0 \u00a0 \u00a0 \u00a0 \u00a0 \u00a0 \u00a0 \u00a0 \u00a0 \u00a0 \u00a0 \u00a0 \u00a0 \u00a0 \u00a0 \u00a0 \u00a0 \u00a0200kr<\/p>\n<p>Junior (t.o.m. det \u00e5r man fyller 18 \u00e5r)\u00a0 \u00a0 \u00a0 \u00a0 \u00a0 \u00a0 \u00a0100kr<\/p>\n<p>Ni kan redan idag g\u00e5 in p\u00e5 <a href=\"http:\/\/www.matchi.se\/facilities\/grisslehamnstk)\">Matchi<\/a> (www.matchi.se\/facilities\/grisslehamnstk) och betala er<br \/>medlemsavgift, och g\u00e4rna detta s\u00e5 tidigt p\u00e5 s\u00e4songen som m\u00f6jligt f\u00f6r att inte g\u00e5 miste om era fina medlemsf\u00f6rm\u00e5ner. V\u00e5r lilla klubb \u00e4r dessutom beroende av medlemsavgifterna f\u00f6r att s\u00e4kerst\u00e4lla bra underh\u00e5ll av v\u00e5r anl\u00e4ggning.\u00a0<br \/><br \/>Efter erlagd medlemsavgift erh\u00e5lls automatiskt reducerat medlemspris vid banbokning.<br \/>Ett alternativ till att betala medlemsavgiften via Matchi \u00e4r att betala till klubbens bankgiro: 5190-9414. Det tar i s\u00e5 fall ca 2 veckor tills medlemsstatusen aktiverats i Matchi pga den manuella hanteringen, s\u00e5 ha g\u00e4rna lite extra framf\u00f6rh\u00e5llning. Kom ih\u00e5g att ange namn, postadress, e-post och personnummer p\u00e5 den person som medlemskapet g\u00e4ller f\u00f6r i samband med inbetalningen.<br \/><br \/>Medlemsf\u00f6rm\u00e5ner och samarbetspartners<br \/>&#8211; \u00c5ngb\u00e5tsbryggan: 10 % rabatt<br \/>&#8211; Ecker\u00f6linjen: Fri resa p\u00e5 turerna med avg\u00e5ngar kl 10:00 och 15:00, inkl. anslutningsbuss, tur\/retur mot f\u00f6rhandsbokning och kod (koden erh\u00e5lls efter erlagd medlemsavgift)<br \/>&#8211; Billigare banhyror p\u00e5 tennis och padelbanorna<br \/>&#8211; M\u00f6jlighet att delta i tennis- och Padelskolan, samt delta i klubbens \u00f6vriga aktiviteter s\u00e5som Sommarfesten och turneringar.<\/p>\n\n\n<p><\/p>\n","protected":false},"excerpt":{"rendered":"<p>Senior\u00a0 \u00a0 \u00a0 \u00a0 \u00a0 \u00a0 \u00a0 \u00a0 \u00a0 \u00a0 \u00a0 \u00a0 \u00a0 \u00a0 \u00a0 \u00a0 \u00a0 \u00a0 \u00a0 \u00a0 \u00a0 \u00a0 \u00a0 \u00a0 \u00a0 \u00a0 \u00a0 \u00a0 \u00a0 \u00a0 \u00a0 \u00a0 \u00a0 \u00a0200kr Junior (t.o.m. det \u00e5r man fyller &hellip; <a href=\"https:\/\/gtk.fotografdavid.se\/?page_id=358\">Forts\u00e4tt l\u00e4sa <span class=\"meta-nav\">&rarr;<\/span><\/a><\/p>\n","protected":false},"author":2,"featured_media":0,"parent":0,"menu_order":0,"comment_status":"closed","ping_status":"open","template":"","meta":[],"_links":{"self":[{"href":"https:\/\/gtk.fotografdavid.se\/index.php?rest_route=\/wp\/v2\/pages\/358"}],"collection":[{"href":"https:\/\/gtk.fotografdavid.se\/index.php?rest_route=\/wp\/v2\/pages"}],"about":[{"href":"https:\/\/gtk.fotografdavid.se\/index.php?rest_route=\/wp\/v2\/types\/page"}],"author":[{"embeddable":true,"href":"https:\/\/gtk.fotografdavid.se\/index.php?rest_route=\/wp\/v2\/users\/2"}],"replies":[{"embeddable":true,"href":"https:\/\/gtk.fotografdavid.se\/index.php?rest_route=%2Fwp%2Fv2%2Fcomments&post=358"}],"version-history":[{"count":17,"href":"https:\/\/gtk.fotografdavid.se\/index.php?rest_route=\/wp\/v2\/pages\/358\/revisions"}],"predecessor-version":[{"id":1617,"href":"https:\/\/gtk.fotografdavid.se\/index.php?rest_route=\/wp\/v2\/pages\/358\/revisions\/1617"}],"wp:attachment":[{"href":"https:\/\/gtk.fotografdavid.se\/index.php?rest_route=%2Fwp%2Fv2%2Fmedia&parent=358"}],"curies":[{"name":"wp","href":"https:\/\/api.w.org\/{rel}","templated":true}]}}