{"id":6,"date":"2011-01-31T19:25:03","date_gmt":"2011-01-31T19:25:03","guid":{"rendered":"http:\/\/gtk.fotografdavid.se\/?page_id=6"},"modified":"2023-07-02T06:23:30","modified_gmt":"2023-07-02T06:23:30","slug":"tennisskolan","status":"publish","type":"page","link":"https:\/\/gtk.fotografdavid.se\/?page_id=6","title":{"rendered":"Tennis &#038; padelskola"},"content":{"rendered":"<p><a href=\"http:\/\/gtk.fotografdavid.se\/wp-content\/uploads\/2011\/01\/Bilder19nov1020382.jpg\"><img decoding=\"async\" loading=\"lazy\" class=\" size-medium wp-image-768 alignleft\" src=\"http:\/\/gtk.fotografdavid.se\/wp-content\/uploads\/2011\/01\/2015-08-06-12.08.42-300x199.jpg\" alt=\"2015-08-06 12.08.42\" width=\"300\" height=\"199\" srcset=\"https:\/\/gtk.fotografdavid.se\/wp-content\/uploads\/2011\/01\/2015-08-06-12.08.42-300x199.jpg 300w, https:\/\/gtk.fotografdavid.se\/wp-content\/uploads\/2011\/01\/2015-08-06-12.08.42-1024x680.jpg 1024w\" sizes=\"(max-width: 300px) 100vw, 300px\" \/><\/a>Den popul\u00e4ra tennisskolan f\u00f6r alla \u00e5ldrar och spelkategorier \u00e4ger 2023 rum<br \/>\nv. 26 \u2013 29 samt v. 31 \u2013 32 (m\u00e5ndag \u2013 fredag).<\/p>\n<p>Vi har \u00e4ven padelskola vecka 27-28 samt 30-31. (m\u00e5ndag &#8211; fredag).<\/p>\n<p>Alla deltagare i tennis &amp; padelskolan ska vara medlemmar i Grisslehamns tennis &amp; padelklubb. Klubbmedlemskapet betalas p\u00e5 klubbens sida p\u00e5 Matchi.se <a href=\"https:\/\/www.matchi.se\/facilities\/grisslehamnstk\">https:\/\/www.matchi.se\/facilities\/grisslehamnstk<\/a>.<\/p>\n<p>Intresseanm\u00e4lan f\u00f6r 2023 och 2024 <a href=\"https:\/\/www.matchi.se\/facilities\/grisslehamnstk\">https:\/\/www.matchi.se\/facilities\/grisslehamnstk<\/a><\/p>\n<p>F\u00f6r information om spelgrupper och -avgifter, kontakta:<\/p>\n<p>Magnus Johansson, tel. 070-294 59 59<br \/>\n<a href=\"mailto:magnus.johansson@usif.se\">magnus.johansson@usif.se<\/a><\/p>\n","protected":false},"excerpt":{"rendered":"<p>Den popul\u00e4ra tennisskolan f\u00f6r alla \u00e5ldrar och spelkategorier \u00e4ger 2023 rum v. 26 \u2013 29 samt v. 31 \u2013 32 (m\u00e5ndag \u2013 fredag). Vi har \u00e4ven padelskola vecka 27-28 samt 30-31. (m\u00e5ndag &#8211; fredag). Alla deltagare i tennis &amp; padelskolan &hellip; <a href=\"https:\/\/gtk.fotografdavid.se\/?page_id=6\">Forts\u00e4tt l\u00e4sa <span class=\"meta-nav\">&rarr;<\/span><\/a><\/p>\n","protected":false},"author":1,"featured_media":0,"parent":0,"menu_order":0,"comment_status":"closed","ping_status":"closed","template":"","meta":[],"_links":{"self":[{"href":"https:\/\/gtk.fotografdavid.se\/index.php?rest_route=\/wp\/v2\/pages\/6"}],"collection":[{"href":"https:\/\/gtk.fotografdavid.se\/index.php?rest_route=\/wp\/v2\/pages"}],"about":[{"href":"https:\/\/gtk.fotografdavid.se\/index.php?rest_route=\/wp\/v2\/types\/page"}],"author":[{"embeddable":true,"href":"https:\/\/gtk.fotografdavid.se\/index.php?rest_route=\/wp\/v2\/users\/1"}],"replies":[{"embeddable":true,"href":"https:\/\/gtk.fotografdavid.se\/index.php?rest_route=%2Fwp%2Fv2%2Fcomments&post=6"}],"version-history":[{"count":53,"href":"https:\/\/gtk.fotografdavid.se\/index.php?rest_route=\/wp\/v2\/pages\/6\/revisions"}],"predecessor-version":[{"id":1544,"href":"https:\/\/gtk.fotografdavid.se\/index.php?rest_route=\/wp\/v2\/pages\/6\/revisions\/1544"}],"wp:attachment":[{"href":"https:\/\/gtk.fotografdavid.se\/index.php?rest_route=%2Fwp%2Fv2%2Fmedia&parent=6"}],"curies":[{"name":"wp","href":"https:\/\/api.w.org\/{rel}","templated":true}]}}